{"id":2282,"date":"2026-05-01T13:33:05","date_gmt":"2026-05-01T11:33:05","guid":{"rendered":"https:\/\/ehrenwerk.tv\/?page_id=2282"},"modified":"2026-05-01T13:33:05","modified_gmt":"2026-05-01T11:33:05","slug":"smart-rad","status":"publish","type":"page","link":"https:\/\/ehrenwerk.tv\/en\/projekte\/smart-rad\/","title":{"rendered":"Smart.Rad"},"content":{"rendered":"<div class=\"wp-block-cover alignfull is-light has-parallax is-style-default gradient\" style=\"padding-top:0;padding-right:0;padding-bottom:0;padding-left:0;min-height:40vh;aspect-ratio:unset;\"><span aria-hidden=\"true\" class=\"wp-block-cover__background has-background-dim-60 has-background-dim\" style=\"background-color:#737679\"><\/span><div class=\"wp-block-cover__image-background wp-image-2280 has-parallax\" style=\"background-position:50% 50%;background-image:url(https:\/\/ehrenwerk.tv\/wp-content\/uploads\/2024\/06\/grafik-3.jpg);\"><\/div><div class=\"wp-block-cover__inner-container is-layout-flow wp-block-cover-is-layout-flow\">\n<h2 class=\"wp-block-heading alignwide has-text-align-left tw-mt-7 has-white-color has-text-color\" style=\"font-size:6rem\">Smart.Rad<\/h2>\n<\/div><\/div>\n\n\n\n<div class=\"wp-block-columns alignwide is-layout-flex wp-container-core-columns-is-layout-c465812c wp-block-columns-is-layout-flex\" style=\"border-style:none;border-width:0px;border-radius:0px;padding-top:0;padding-bottom:var(--wp--preset--spacing--60)\">\n<div class=\"wp-block-column is-layout-flow wp-block-column-is-layout-flow\" style=\"border-style:none;border-width:0px\">\n<div class=\"wp-block-columns is-layout-flex wp-container-core-columns-is-layout-d0b3c9c8 wp-block-columns-is-layout-flex\">\n<div class=\"wp-block-column is-layout-flow wp-block-column-is-layout-flow\">\n<p>The state capital of Hanover has launched an innovative initiative to improve cycling traffic with the \u201cSmart.Rad\u201d project. The \u201cTraffic Pilot\u201d app provides cyclists with real-time information about the current traffic light phase and the time remaining until the next green phase. This means that unnecessary stops at traffic lights can be avoided and a smoother and safer journey is made possible for cyclists.<\/p>\n<\/div>\n\n\n\n<div class=\"wp-block-column is-layout-flow wp-block-column-is-layout-flow\">\n<blockquote class=\"wp-block-quote is-layout-flow wp-block-quote-is-layout-flow\">\n<p><em>\u201e&quot;It looks very good. Thank you very much for the great cooperation.&quot;.<\/em>\u201e<\/p>\n\n\n\n<p>Hakam Daghestani, Head of Department for Traffic Management, City of Hanover<\/p>\n<\/blockquote>\n\n\n\n<p class=\"has-small-font-size\"><a href=\"https:\/\/www.trafficpilot.eu\/\" target=\"_blank\" rel=\"noreferrer noopener\">Link to website<\/a><\/p>\n<\/div>\n<\/div>\n\n\n\n<div class=\"wp-block-columns is-layout-flex wp-container-core-columns-is-layout-d0b3c9c8 wp-block-columns-is-layout-flex\">\n<div class=\"wp-block-column is-layout-flow wp-block-column-is-layout-flow\">\n<div class=\"wp-block-essential-blocks-advanced-video  root-eb-advanced-video-4eo2u\"><div class=\"eb-parent-wrapper eb-parent-eb-advanced-video-4eo2u\"><div class=\"eb-advanced-video-wrapper eb-advanced-video-4eo2u none\" data-id=\"eb-advanced-video-4eo2u\"><div class=\"eb-player-wrapper eb-advanced-video-4eo2u\"><div class=\"eb-player-option none right\" data-id=\"eb-advanced-video-4eo2u\" data-url=\"https:\/\/www.youtube.com\/watch?v=vbxGyqz1vPM\" data-option=\"none\" data-controls=\"true\" data-loop=\"false\" data-muted=\"false\" data-playing=\"false\" data-overlay=\"false\" data-light=\"https:\/\/ehrenwerk.tv\/wp-content\/plugins\/essential-blocks\/assets\/images\/adv-video-placeholder.png\" data-customplayicontype=\"image\" data-customplayiconlib=\"fas fa-play-circle\" data-customplayicon=\"true\" data-playicon=\"https:\/\/ehrenwerk.tv\/wp-content\/plugins\/essential-blocks\/assets\/images\/adv-video-playicon.svg\" data-download=\"false\"><\/div><\/div><\/div><\/div><\/div>\n<\/div>\n<\/div>\n<\/div>\n<\/div>\n\n\n\n<div class=\"wp-block-columns alignwide project-navigation is-layout-flex wp-container-core-columns-is-layout-d0b3c9c8 wp-block-columns-is-layout-flex\">\n<div class=\"wp-block-column is-layout-flow wp-block-column-is-layout-flow\"><\/div>\n\n\n\n<div class=\"wp-block-column is-layout-flow wp-block-column-is-layout-flow\">\n<p class=\"has-text-align-center\" style=\"font-style:normal;font-weight:700\"><a href=\"https:\/\/ehrenwerk.tv\/en\/projekte\/\" title=\"Projects\">Projects<\/a><\/p>\n<\/div>\n\n\n\n<div class=\"wp-block-column is-layout-flow wp-block-column-is-layout-flow\"><\/div>\n<\/div>","protected":false},"excerpt":{"rendered":"<p>Die Landeshauptstadt Hannover hat mit dem Projekt \u201eSmart.Rad\u201c eine innovative Initiative zur Verbesserung des Radverkehrs gestartet. Die App \u201eTraffic Pilot\u201c stellt den Radfahrenden in Echtzeit Informationen \u00fcber die aktuelle Ampelphase sowie die verbleibende Zeit bis zur n\u00e4chsten Gr\u00fcnphase zur Verf\u00fcgung. So k\u00f6nnen unn\u00f6tige Stopps an Ampeln vermieden werden und es wird eine gleichm\u00e4\u00dfigere und sicherere&hellip;<\/p>","protected":false},"author":2,"featured_media":2280,"parent":2234,"menu_order":12,"comment_status":"closed","ping_status":"closed","template":"tw-header-transparent-light.php","meta":{"_eb_attr":"","footnotes":""},"kategorie":[24],"class_list":["post-2282","page","type-page","status-publish","has-post-thumbnail","hentry","kategorie-social-media"],"_links":{"self":[{"href":"https:\/\/ehrenwerk.tv\/en\/wp-json\/wp\/v2\/pages\/2282","targetHints":{"allow":["GET"]}}],"collection":[{"href":"https:\/\/ehrenwerk.tv\/en\/wp-json\/wp\/v2\/pages"}],"about":[{"href":"https:\/\/ehrenwerk.tv\/en\/wp-json\/wp\/v2\/types\/page"}],"author":[{"embeddable":true,"href":"https:\/\/ehrenwerk.tv\/en\/wp-json\/wp\/v2\/users\/2"}],"replies":[{"embeddable":true,"href":"https:\/\/ehrenwerk.tv\/en\/wp-json\/wp\/v2\/comments?post=2282"}],"version-history":[{"count":3,"href":"https:\/\/ehrenwerk.tv\/en\/wp-json\/wp\/v2\/pages\/2282\/revisions"}],"predecessor-version":[{"id":4051,"href":"https:\/\/ehrenwerk.tv\/en\/wp-json\/wp\/v2\/pages\/2282\/revisions\/4051"}],"up":[{"embeddable":true,"href":"https:\/\/ehrenwerk.tv\/en\/wp-json\/wp\/v2\/pages\/2234"}],"wp:featuredmedia":[{"embeddable":true,"href":"https:\/\/ehrenwerk.tv\/en\/wp-json\/wp\/v2\/media\/2280"}],"wp:attachment":[{"href":"https:\/\/ehrenwerk.tv\/en\/wp-json\/wp\/v2\/media?parent=2282"}],"wp:term":[{"taxonomy":"kategorie","embeddable":true,"href":"https:\/\/ehrenwerk.tv\/en\/wp-json\/wp\/v2\/kategorie?post=2282"}],"curies":[{"name":"wp","href":"https:\/\/api.w.org\/{rel}","templated":true}]}}